{"id":38738,"date":"2017-12-15T11:35:30","date_gmt":"2017-12-15T10:35:30","guid":{"rendered":"http:\/\/montana-immobilier.com\/locations-annee"},"modified":"2018-10-16T14:08:47","modified_gmt":"2018-10-16T12:08:47","slug":"long-term-rental","status":"publish","type":"page","link":"https:\/\/www.montana-immobilier.com\/en\/long-term-rental\/","title":{"rendered":"Long term rental : +33. 4 50 23 30 00"},"content":{"rendered":"<p style=\"text-align: justify;\"><strong><span class=\"vert\">RENTERS<\/span><\/strong> : your expectation is to stay in good conditions in Grand-Bornand, in the Aravis, Th\u00f4nes or Th\u00f4nes Valley? Our teams assist you in your search through a rigorous selection of properties available for long-term rental. We manage your rents and become your privileged intermediary with your landlord.<\/p>\n<p style=\"text-align: justify;\"><strong><span class=\"vert\">OWNERS<\/span><\/strong> in Grand-Bornand, in the Aravis, Th\u00f4nes or Th\u00f4nes Valley: we guarantee you a thorough examination of the tenant files. We offer an \u00e0 la carte service with the proposal of a mandate of security, performance or freedom (see page OUR SERVICES). We accept your requests for the valuation of your property or the declaration of your property income.<\/p>\n","protected":false},"excerpt":{"rendered":"<p>RENTERS : your expectation is to stay in good conditions in Grand-Bornand, in the Aravis, Th\u00f4nes or Th\u00f4nes Valley? Our teams assist you in your search through a rigorous selection of properties available for long-term rental. We manage your rents and become your privileged intermediary with your landlord. OWNERS in Grand-Bornand, in the Aravis, Th\u00f4nes [&hellip;]<\/p>\n","protected":false},"author":1,"featured_media":0,"parent":0,"menu_order":0,"comment_status":"closed","ping_status":"closed","template":"templates\/listing_montana.php","meta":{"_acf_changed":false,"footnotes":""},"class_list":["post-38738","page","type-page","status-publish","hentry"],"acf":[],"yoast_head":"<!-- This site is optimized with the Yoast SEO plugin v27.4 - https:\/\/yoast.com\/product\/yoast-seo-wordpress\/ -->\n<title>Properties available for long-term rental in Grand Bornand, Aravis, Th\u00f4nes<\/title>\n<meta name=\"robots\" content=\"index, follow, max-snippet:-1, max-image-preview:large, max-video-preview:-1\" \/>\n<link rel=\"canonical\" href=\"https:\/\/www.montana-immobilier.com\/en\/long-term-rental\/\" \/>\n<meta property=\"og:locale\" content=\"en_GB\" \/>\n<meta property=\"og:type\" content=\"article\" \/>\n<meta property=\"og:title\" content=\"Properties available for long-term rental in Grand Bornand, Aravis, Th\u00f4nes\" \/>\n<meta property=\"og:description\" content=\"RENTERS : your expectation is to stay in good conditions in Grand-Bornand, in the Aravis, Th\u00f4nes or Th\u00f4nes Valley? Our teams assist you in your search through a rigorous selection of properties available for long-term rental. We manage your rents and become your privileged intermediary with your landlord. OWNERS in Grand-Bornand, in the Aravis, Th\u00f4nes [&hellip;]\" \/>\n<meta property=\"og:url\" content=\"https:\/\/www.montana-immobilier.com\/en\/long-term-rental\/\" \/>\n<meta property=\"og:site_name\" content=\"Montana Immobilier\" \/>\n<meta property=\"article:modified_time\" content=\"2018-10-16T12:08:47+00:00\" \/>\n<meta name=\"twitter:card\" content=\"summary_large_image\" \/>\n<meta name=\"twitter:label1\" content=\"Estimated reading time\" \/>\n\t<meta name=\"twitter:data1\" content=\"1 minute\" \/>\n<script type=\"application\/ld+json\" class=\"yoast-schema-graph\">{\"@context\":\"https:\\\/\\\/schema.org\",\"@graph\":[{\"@type\":\"WebPage\",\"@id\":\"https:\\\/\\\/www.montana-immobilier.com\\\/en\\\/long-term-rental\\\/\",\"url\":\"https:\\\/\\\/www.montana-immobilier.com\\\/en\\\/long-term-rental\\\/\",\"name\":\"Properties available for long-term rental in Grand Bornand, Aravis, Th\u00f4nes\",\"isPartOf\":{\"@id\":\"https:\\\/\\\/www.montana-immobilier.com\\\/#website\"},\"datePublished\":\"2017-12-15T10:35:30+00:00\",\"dateModified\":\"2018-10-16T12:08:47+00:00\",\"breadcrumb\":{\"@id\":\"https:\\\/\\\/www.montana-immobilier.com\\\/en\\\/long-term-rental\\\/#breadcrumb\"},\"inLanguage\":\"en-GB\",\"potentialAction\":[{\"@type\":\"ReadAction\",\"target\":[\"https:\\\/\\\/www.montana-immobilier.com\\\/en\\\/long-term-rental\\\/\"]}]},{\"@type\":\"BreadcrumbList\",\"@id\":\"https:\\\/\\\/www.montana-immobilier.com\\\/en\\\/long-term-rental\\\/#breadcrumb\",\"itemListElement\":[{\"@type\":\"ListItem\",\"position\":1,\"name\":\"Accueil\",\"item\":\"https:\\\/\\\/www.montana-immobilier.com\\\/en\\\/\"},{\"@type\":\"ListItem\",\"position\":2,\"name\":\"Long term rental : +33. 4 50 23 30 00\"}]},{\"@type\":\"WebSite\",\"@id\":\"https:\\\/\\\/www.montana-immobilier.com\\\/#website\",\"url\":\"https:\\\/\\\/www.montana-immobilier.com\\\/\",\"name\":\"Montana Immobilier\",\"description\":\"\",\"publisher\":{\"@id\":\"https:\\\/\\\/www.montana-immobilier.com\\\/#organization\"},\"potentialAction\":[{\"@type\":\"SearchAction\",\"target\":{\"@type\":\"EntryPoint\",\"urlTemplate\":\"https:\\\/\\\/www.montana-immobilier.com\\\/?s={search_term_string}\"},\"query-input\":{\"@type\":\"PropertyValueSpecification\",\"valueRequired\":true,\"valueName\":\"search_term_string\"}}],\"inLanguage\":\"en-GB\"},{\"@type\":\"Organization\",\"@id\":\"https:\\\/\\\/www.montana-immobilier.com\\\/#organization\",\"name\":\"Montana Immobilier\",\"url\":\"https:\\\/\\\/www.montana-immobilier.com\\\/\",\"logo\":{\"@type\":\"ImageObject\",\"inLanguage\":\"en-GB\",\"@id\":\"https:\\\/\\\/www.montana-immobilier.com\\\/#\\\/schema\\\/logo\\\/image\\\/\",\"url\":\"https:\\\/\\\/www.montana-immobilier.com\\\/wp-content\\\/uploads\\\/2025\\\/09\\\/cropped-favicon-32x32-1.png\",\"contentUrl\":\"https:\\\/\\\/www.montana-immobilier.com\\\/wp-content\\\/uploads\\\/2025\\\/09\\\/cropped-favicon-32x32-1.png\",\"width\":512,\"height\":512,\"caption\":\"Montana Immobilier\"},\"image\":{\"@id\":\"https:\\\/\\\/www.montana-immobilier.com\\\/#\\\/schema\\\/logo\\\/image\\\/\"}}]}<\/script>\n<!-- \/ Yoast SEO plugin. -->","yoast_head_json":{"title":"Properties available for long-term rental in Grand Bornand, Aravis, Th\u00f4nes","robots":{"index":"index","follow":"follow","max-snippet":"max-snippet:-1","max-image-preview":"max-image-preview:large","max-video-preview":"max-video-preview:-1"},"canonical":"https:\/\/www.montana-immobilier.com\/en\/long-term-rental\/","og_locale":"en_GB","og_type":"article","og_title":"Properties available for long-term rental in Grand Bornand, Aravis, Th\u00f4nes","og_description":"RENTERS : your expectation is to stay in good conditions in Grand-Bornand, in the Aravis, Th\u00f4nes or Th\u00f4nes Valley? Our teams assist you in your search through a rigorous selection of properties available for long-term rental. We manage your rents and become your privileged intermediary with your landlord. OWNERS in Grand-Bornand, in the Aravis, Th\u00f4nes [&hellip;]","og_url":"https:\/\/www.montana-immobilier.com\/en\/long-term-rental\/","og_site_name":"Montana Immobilier","article_modified_time":"2018-10-16T12:08:47+00:00","twitter_card":"summary_large_image","twitter_misc":{"Estimated reading time":"1 minute"},"schema":{"@context":"https:\/\/schema.org","@graph":[{"@type":"WebPage","@id":"https:\/\/www.montana-immobilier.com\/en\/long-term-rental\/","url":"https:\/\/www.montana-immobilier.com\/en\/long-term-rental\/","name":"Properties available for long-term rental in Grand Bornand, Aravis, Th\u00f4nes","isPartOf":{"@id":"https:\/\/www.montana-immobilier.com\/#website"},"datePublished":"2017-12-15T10:35:30+00:00","dateModified":"2018-10-16T12:08:47+00:00","breadcrumb":{"@id":"https:\/\/www.montana-immobilier.com\/en\/long-term-rental\/#breadcrumb"},"inLanguage":"en-GB","potentialAction":[{"@type":"ReadAction","target":["https:\/\/www.montana-immobilier.com\/en\/long-term-rental\/"]}]},{"@type":"BreadcrumbList","@id":"https:\/\/www.montana-immobilier.com\/en\/long-term-rental\/#breadcrumb","itemListElement":[{"@type":"ListItem","position":1,"name":"Accueil","item":"https:\/\/www.montana-immobilier.com\/en\/"},{"@type":"ListItem","position":2,"name":"Long term rental : +33. 4 50 23 30 00"}]},{"@type":"WebSite","@id":"https:\/\/www.montana-immobilier.com\/#website","url":"https:\/\/www.montana-immobilier.com\/","name":"Montana Immobilier","description":"","publisher":{"@id":"https:\/\/www.montana-immobilier.com\/#organization"},"potentialAction":[{"@type":"SearchAction","target":{"@type":"EntryPoint","urlTemplate":"https:\/\/www.montana-immobilier.com\/?s={search_term_string}"},"query-input":{"@type":"PropertyValueSpecification","valueRequired":true,"valueName":"search_term_string"}}],"inLanguage":"en-GB"},{"@type":"Organization","@id":"https:\/\/www.montana-immobilier.com\/#organization","name":"Montana Immobilier","url":"https:\/\/www.montana-immobilier.com\/","logo":{"@type":"ImageObject","inLanguage":"en-GB","@id":"https:\/\/www.montana-immobilier.com\/#\/schema\/logo\/image\/","url":"https:\/\/www.montana-immobilier.com\/wp-content\/uploads\/2025\/09\/cropped-favicon-32x32-1.png","contentUrl":"https:\/\/www.montana-immobilier.com\/wp-content\/uploads\/2025\/09\/cropped-favicon-32x32-1.png","width":512,"height":512,"caption":"Montana Immobilier"},"image":{"@id":"https:\/\/www.montana-immobilier.com\/#\/schema\/logo\/image\/"}}]}},"_links":{"self":[{"href":"https:\/\/www.montana-immobilier.com\/en\/wp-json\/wp\/v2\/pages\/38738","targetHints":{"allow":["GET"]}}],"collection":[{"href":"https:\/\/www.montana-immobilier.com\/en\/wp-json\/wp\/v2\/pages"}],"about":[{"href":"https:\/\/www.montana-immobilier.com\/en\/wp-json\/wp\/v2\/types\/page"}],"author":[{"embeddable":true,"href":"https:\/\/www.montana-immobilier.com\/en\/wp-json\/wp\/v2\/users\/1"}],"replies":[{"embeddable":true,"href":"https:\/\/www.montana-immobilier.com\/en\/wp-json\/wp\/v2\/comments?post=38738"}],"version-history":[{"count":7,"href":"https:\/\/www.montana-immobilier.com\/en\/wp-json\/wp\/v2\/pages\/38738\/revisions"}],"predecessor-version":[{"id":45927,"href":"https:\/\/www.montana-immobilier.com\/en\/wp-json\/wp\/v2\/pages\/38738\/revisions\/45927"}],"wp:attachment":[{"href":"https:\/\/www.montana-immobilier.com\/en\/wp-json\/wp\/v2\/media?parent=38738"}],"curies":[{"name":"wp","href":"https:\/\/api.w.org\/{rel}","templated":true}]}}